{"id":2959,"date":"2022-04-08T18:38:32","date_gmt":"2022-04-08T16:38:32","guid":{"rendered":"https:\/\/www.mhvacances.com\/contact\/"},"modified":"2022-04-21T18:08:26","modified_gmt":"2022-04-21T16:08:26","slug":"contact","status":"publish","type":"page","link":"https:\/\/www.mhvacances.com\/en\/contact\/","title":{"rendered":"Contact"},"content":{"rendered":"<h2 class=\"wp-block-heading\">About us<\/h2>\n\n\n\n<p>La soci\u00e9t\u00e9 MH Vacances a \u00e9t\u00e9 cr\u00e9\u00e9e en mai 2019 par Bruno suite \u00e0 des demandes de propri\u00e9taires sur le camping de Dugny fort de son exp\u00e9rience dans le domaine de l&rsquo;immobilier. Ann\u00e9e apr\u00e8s ann\u00e9e, les march\u00e9s de MH Vacances se sont d\u00e9velopp\u00e9s. Agn\u00e8s a donc rejoint l&rsquo;aventure en tant qu&rsquo;associ\u00e9e.<\/p>\n\n\n\n<p class=\"handwrite\">We are brother and sister, originating in our family from the central region for several generations. We appreciate this life in the provinces. Wishing to develop a project together for several years, we seized this opportunity and we hope that you will be just as happy as us to enjoy this environment and our mobile homes.<\/p>\n\n\n\n<p class=\"handwrite\">See you soon<\/p>\n\n\n\n<p class=\"handwrite\">Agn\u00e8s and Bruno<\/p>","protected":false},"excerpt":{"rendered":"<p>Qui sommes-nous ? La soci\u00e9t\u00e9 MH Vacances a \u00e9t\u00e9 cr\u00e9\u00e9e en mai 2019 par Bruno suite \u00e0 des demandes de propri\u00e9taires sur le camping de Dugny fort de son exp\u00e9rience dans le domaine de l&rsquo;immobilier. Ann\u00e9e apr\u00e8s ann\u00e9e, les march\u00e9s de MH Vacances se sont d\u00e9velopp\u00e9s. Agn\u00e8s a donc rejoint l&rsquo;aventure en tant qu&rsquo;associ\u00e9e. Nous [&hellip;]<\/p>","protected":false},"author":1,"featured_media":0,"parent":0,"menu_order":1,"comment_status":"closed","ping_status":"closed","template":"","meta":{"footnotes":""},"class_list":["post-2959","page","type-page","status-publish","hentry","categorie_page-contact"],"acf":[],"_links":{"self":[{"href":"https:\/\/www.mhvacances.com\/en\/wp-json\/wp\/v2\/pages\/2959","targetHints":{"allow":["GET"]}}],"collection":[{"href":"https:\/\/www.mhvacances.com\/en\/wp-json\/wp\/v2\/pages"}],"about":[{"href":"https:\/\/www.mhvacances.com\/en\/wp-json\/wp\/v2\/types\/page"}],"author":[{"embeddable":true,"href":"https:\/\/www.mhvacances.com\/en\/wp-json\/wp\/v2\/users\/1"}],"replies":[{"embeddable":true,"href":"https:\/\/www.mhvacances.com\/en\/wp-json\/wp\/v2\/comments?post=2959"}],"version-history":[{"count":0,"href":"https:\/\/www.mhvacances.com\/en\/wp-json\/wp\/v2\/pages\/2959\/revisions"}],"wp:attachment":[{"href":"https:\/\/www.mhvacances.com\/en\/wp-json\/wp\/v2\/media?parent=2959"}],"curies":[{"name":"wp","href":"https:\/\/api.w.org\/{rel}","templated":true}]}}