{"id":2969,"date":"2022-04-08T18:38:32","date_gmt":"2022-04-08T16:38:32","guid":{"rendered":"https:\/\/www.mhvacances.com\/groupe-et-entreprise\/"},"modified":"2022-04-25T10:24:36","modified_gmt":"2022-04-25T08:24:36","slug":"groupe-et-entreprise","status":"publish","type":"page","link":"https:\/\/www.mhvacances.com\/en\/groupe-et-entreprise\/","title":{"rendered":"Seminars and receptions"},"content":{"rendered":"<h2 class=\"wp-block-heading\">MH Vacances le partenaire de vos \u00e9v\u00e8nements d&rsquo;entreprises en France<\/h2>\n\n\n\n<p>Vous recherchez un h\u00e9bergement temporaire pour vos salari\u00e9s ? Vous organisez prochainement un \u00e9v\u00e8nement familial ou un \u00e9v\u00e8nement d&rsquo;entreprise ? MH Vacances met son exp\u00e9rience et son savoir-faire \u00e0 votre service pour vous accompagner dans l&rsquo;organisation de votre \u00e9v\u00e8nement d&rsquo;entreprise. Pour cela, nous vous proposons de louer un ou plusieurs mobil homes.<\/p>\n\n\n\n<p>En plus, vous b\u00e9n\u00e9ficierez des infrastructures et activit\u00e9s qu&rsquo;offrent le camping (selon la saison): piscine chauff\u00e9e, restaurant, bar, supermarch\u00e9, clubs enfants, laverie, location de v\u00e9los, spectacles&#8230;etc<\/p>\n\n\n\n<p>Nos mobil homes sont tout \u00e9quip\u00e9s. Le <a href=\"http:\/\/www.mhvacances.com\/en\/camping\/camping-onzain-val-de-loire\/\" data-type=\"camping\" data-id=\"2892\">Camping Onzain****<\/a> est situ\u00e9 en Centre Val de Loire, le <a href=\"http:\/\/www.mhvacances.com\/en\/camping\/camping-litteau-normandie\/\" data-type=\"camping\" data-id=\"2893\">Camping Litteau****<\/a> est en Normandie et le <a href=\"http:\/\/www.mhvacances.com\/en\/camping\/camping-canet-en-roussillon-occitanie\/\" data-type=\"camping\" data-id=\"2891\">Camping Canet en Roussillon****<\/a> en Occitanie.<\/p>","protected":false},"excerpt":{"rendered":"<p>MH Vacances le partenaire de vos \u00e9v\u00e8nements d&rsquo;entreprises en France Vous recherchez un h\u00e9bergement temporaire pour vos salari\u00e9s ? Vous organisez prochainement un \u00e9v\u00e8nement familial ou un \u00e9v\u00e8nement d&rsquo;entreprise ? MH Vacances met son exp\u00e9rience et son savoir-faire \u00e0 votre service pour vous accompagner dans l&rsquo;organisation de votre \u00e9v\u00e8nement d&rsquo;entreprise. Pour cela, nous vous proposons [&hellip;]<\/p>","protected":false},"author":1,"featured_media":0,"parent":0,"menu_order":1,"comment_status":"closed","ping_status":"closed","template":"","meta":{"footnotes":""},"class_list":["post-2969","page","type-page","status-publish","hentry","categorie_page-groupe"],"acf":[],"_links":{"self":[{"href":"https:\/\/www.mhvacances.com\/en\/wp-json\/wp\/v2\/pages\/2969","targetHints":{"allow":["GET"]}}],"collection":[{"href":"https:\/\/www.mhvacances.com\/en\/wp-json\/wp\/v2\/pages"}],"about":[{"href":"https:\/\/www.mhvacances.com\/en\/wp-json\/wp\/v2\/types\/page"}],"author":[{"embeddable":true,"href":"https:\/\/www.mhvacances.com\/en\/wp-json\/wp\/v2\/users\/1"}],"replies":[{"embeddable":true,"href":"https:\/\/www.mhvacances.com\/en\/wp-json\/wp\/v2\/comments?post=2969"}],"version-history":[{"count":0,"href":"https:\/\/www.mhvacances.com\/en\/wp-json\/wp\/v2\/pages\/2969\/revisions"}],"wp:attachment":[{"href":"https:\/\/www.mhvacances.com\/en\/wp-json\/wp\/v2\/media?parent=2969"}],"curies":[{"name":"wp","href":"https:\/\/api.w.org\/{rel}","templated":true}]}}